{"id":74507,"date":"2023-02-16T00:02:03","date_gmt":"2023-02-16T00:02:03","guid":{"rendered":"https:\/\/mountainbikemovement.com\/downhill-racetracks"},"modified":"2023-03-17T12:13:31","modified_gmt":"2023-03-17T12:13:31","slug":"downhill-racetracks","status":"publish","type":"page","link":"https:\/\/mountainbikemovement.com\/en\/downhill-racetracks","title":{"rendered":"Downhill Racetracks"},"content":{"rendered":"<p>[et_pb_section fb_built=&#8221;1&#8243; fullwidth=&#8221;on&#8221; _builder_version=&#8221;4.14.4&#8243; locked=&#8221;off&#8221; global_colors_info=&#8221;{}&#8221;][et_pb_fullwidth_slider arrows_custom_color=&#8221;#ffffff&#8221; dot_nav_custom_color=&#8221;#ffffff&#8221; _builder_version=&#8221;4.14.4&#8243; header_font=&#8221;|700||on|||||&#8221; header_text_color=&#8221;#ffffff&#8221; header_font_size=&#8221;40px&#8221; header_line_height=&#8221;1.5em&#8221; body_font=&#8221;Roboto|300|||||||&#8221; body_text_color=&#8221;#ffffff&#8221; body_font_size=&#8221;15px&#8221; body_line_height=&#8221;1.8em&#8221; custom_button=&#8221;on&#8221; button_text_size=&#8221;14px&#8221; button_text_color=&#8221;#000000&#8243; button_bg_color=&#8221;#ffffff&#8221; button_border_width=&#8221;11px&#8221; button_border_color=&#8221;#ffffff&#8221; button_border_radius=&#8221;0px&#8221; button_letter_spacing=&#8221;1px&#8221; button_font=&#8221;Poppins|||on|||||&#8221; button_use_icon=&#8221;off&#8221; button_custom_margin=&#8221;34px||||false|false&#8221; content_max_width=&#8221;800px&#8221; custom_padding=&#8221;28%||28%||true|false&#8221; header_font_size_tablet=&#8221;&#8221; header_font_size_phone=&#8221;25px&#8221; header_font_size_last_edited=&#8221;on|desktop&#8221; global_colors_info=&#8221;{}&#8221; button_text_color__hover=&#8221;#474747&#8243; button_text_color__hover_enabled=&#8221;on&#8221; button_bg_color__hover=&#8221;#bfbfbf&#8221; button_bg_color__hover_enabled=&#8221;on&#8221; button_border_color__hover=&#8221;#bfbfbf&#8221; button_border_color__hover_enabled=&#8221;on&#8221; button_letter_spacing__hover=&#8221;2px&#8221; button_letter_spacing__hover_enabled=&#8221;on&#8221;][et_pb_slide heading=&#8221;Downhill Racetracks&#8221; _builder_version=&#8221;4.14.4&#8243; header_font=&#8221;|700||on|||||&#8221; background_color=&#8221;#383838&#8243; background_enable_color=&#8221;on&#8221; use_background_color_gradient=&#8221;on&#8221; background_color_gradient_start=&#8221;rgba(0,0,0,0.51)&#8221; background_color_gradient_end=&#8221;rgba(0,0,0,0.51)&#8221; background_color_gradient_overlays_image=&#8221;on&#8221; background_image=&#8221;https:\/\/mountainbikemovement.com\/wp-content\/uploads\/2023\/02\/IMG_7811-scaled.jpeg&#8221; background_enable_image=&#8221;on&#8221; global_colors_info=&#8221;{}&#8221; sticky_transition=&#8221;on&#8221;][\/et_pb_slide][\/et_pb_fullwidth_slider][\/et_pb_section][et_pb_section fb_built=&#8221;1&#8243; custom_padding_last_edited=&#8221;on|tablet&#8221; _builder_version=&#8221;4.17.4&#8243; _module_preset=&#8221;default&#8221; background_color=&#8221;#000000&#8243; custom_margin=&#8221;0px||0px||false|false&#8221; custom_padding=&#8221;100px||0px||false|false&#8221; custom_padding_tablet=&#8221;120px||120px||false|false&#8221; custom_padding_phone=&#8221;90px||90px||false|false&#8221; locked=&#8221;off&#8221; global_colors_info=&#8221;{}&#8221;][et_pb_row _builder_version=&#8221;4.17.4&#8243; _module_preset=&#8221;default&#8221; custom_padding=&#8221;0px||0px|||&#8221; global_colors_info=&#8221;{}&#8221;][et_pb_column type=&#8221;4_4&#8243; _builder_version=&#8221;4.17.4&#8243; _module_preset=&#8221;default&#8221; global_colors_info=&#8221;{}&#8221;][et_pb_divider color=&#8221;#E3B53F&#8221; _builder_version=&#8221;4.14.4&#8243; _module_preset=&#8221;default&#8221; width=&#8221;64px&#8221; width_tablet=&#8221;64px&#8221; width_phone=&#8221;63px&#8221; width_last_edited=&#8221;on|phone&#8221; module_alignment=&#8221;center&#8221; custom_margin=&#8221;0px||3px||false|false&#8221; custom_padding=&#8221;0px||0px||false|false&#8221; global_colors_info=&#8221;{}&#8221;][\/et_pb_divider][et_pb_text _builder_version=&#8221;4.14.4&#8243; _module_preset=&#8221;default&#8221; text_text_color=&#8221;#FFFFFF&#8221; text_font_size=&#8221;16px&#8221; header_2_font=&#8221;|700|||||||&#8221; header_2_text_align=&#8221;left&#8221; header_2_text_color=&#8221;#FFFFFF&#8221; header_2_font_size=&#8221;27px&#8221; header_2_line_height=&#8221;1.3em&#8221; custom_margin=&#8221;0px||48px||false|false&#8221; custom_padding=&#8221;0px||0px||false|false&#8221; header_2_font_size_tablet=&#8221;33px&#8221; header_2_font_size_phone=&#8221;30px&#8221; header_2_font_size_last_edited=&#8221;on|phone&#8221; header_2_line_height_tablet=&#8221;&#8221; header_2_line_height_phone=&#8221;1.3em&#8221; header_2_line_height_last_edited=&#8221;on|phone&#8221; locked=&#8221;off&#8221; global_colors_info=&#8221;{}&#8221;]<\/p>\n<h2>Racetracks are planned, sanitized and provided with advertising material<\/h2>\n<p>We are planning and preparing racetracks (according to UCI-Standards) for your events. This includes track-maintenance, safety-arrangements, Course-maps, Taping and the setup of the event infrastructure. We oversee the track observation with the Radsportverband and take care of the racetrack whilst the duration of the event. Furthermore we take care of the necessary removal and the organization of the cleanup efforts after the event.<\/p>\n<p>[\/et_pb_text][\/et_pb_column][\/et_pb_row][et_pb_row _builder_version=&#8221;4.14.4&#8243; custom_padding=&#8221;||0px|||&#8221; locked=&#8221;off&#8221; global_colors_info=&#8221;{}&#8221;][et_pb_column type=&#8221;4_4&#8243; _builder_version=&#8221;3.25&#8243; custom_padding=&#8221;|||&#8221; global_colors_info=&#8221;{}&#8221; custom_padding__hover=&#8221;|||&#8221;][et_pb_text _builder_version=&#8221;4.14.4&#8243; _module_preset=&#8221;default&#8221; text_text_color=&#8221;#FFFFFF&#8221; text_font_size=&#8221;16px&#8221; header_2_font=&#8221;|700|||||||&#8221; header_2_text_align=&#8221;left&#8221; header_2_text_color=&#8221;#FFFFFF&#8221; header_2_font_size=&#8221;27px&#8221; custom_margin=&#8221;0px||48px||false|false&#8221; custom_padding=&#8221;0px||0px||false|false&#8221; header_2_font_size_tablet=&#8221;33px&#8221; header_2_font_size_phone=&#8221;30px&#8221; header_2_font_size_last_edited=&#8221;on|phone&#8221; header_2_line_height_tablet=&#8221;&#8221; header_2_line_height_phone=&#8221;1.3em&#8221; header_2_line_height_last_edited=&#8221;on|phone&#8221; locked=&#8221;off&#8221; global_colors_info=&#8221;{}&#8221;]<\/p>\n<p>The unique features of a Skillpark are, the purpose-made obstacles, which are designed to train and improve the technique and the agility of a rider. Unlike conventional trails and paths, who consist of natural and terrain features, Skillparks use manufactured features specifically build for them. Therefore the rider can train his techniques and skillsets with those challenging obstacles.<\/p>\n<p>[\/et_pb_text][\/et_pb_column][\/et_pb_row][\/et_pb_section][et_pb_section fb_built=&#8221;1&#8243; custom_padding_last_edited=&#8221;off|desktop&#8221; admin_label=&#8221;Services Section&#8221; module_id=&#8221;Trailbuilding&#8221; _builder_version=&#8221;4.14.4&#8243; background_color=&#8221;#000000&#8243; background_color_gradient_start=&#8221;#ffffff&#8221; background_color_gradient_end=&#8221;rgba(255,255,255,0)&#8221; background_color_gradient_direction=&#8221;0deg&#8221; max_width=&#8221;100%&#8221; module_alignment=&#8221;center&#8221; custom_margin=&#8221;|||&#8221; custom_margin_tablet=&#8221;0px|0px|0px|0px|true|true&#8221; custom_margin_last_edited=&#8221;off|desktop&#8221; custom_padding=&#8221;54px|0px|54px|0px|false|false&#8221; custom_padding_tablet=&#8221;|||0px&#8221; bottom_divider_color=&#8221;rgba(227,181,63,0.28)&#8221; bottom_divider_height=&#8221;59%&#8221; bottom_divider_repeat=&#8221;0.4x&#8221; animation_direction=&#8221;bottom&#8221; locked=&#8221;off&#8221; global_colors_info=&#8221;{}&#8221;][et_pb_row column_structure=&#8221;3_5,2_5&#8243; _builder_version=&#8221;4.4.8&#8243; global_colors_info=&#8221;{}&#8221;][et_pb_column type=&#8221;3_5&#8243; _builder_version=&#8221;4.4.8&#8243; global_colors_info=&#8221;{}&#8221;][et_pb_divider color=&#8221;#E3B53F&#8221; _builder_version=&#8221;4.14.4&#8243; _module_preset=&#8221;default&#8221; width=&#8221;64px&#8221; width_tablet=&#8221;64px&#8221; width_phone=&#8221;63px&#8221; width_last_edited=&#8221;on|phone&#8221; module_alignment=&#8221;center&#8221; custom_margin=&#8221;0px||3px||false|false&#8221; custom_padding=&#8221;0px||0px||false|false&#8221; global_colors_info=&#8221;{}&#8221;][\/et_pb_divider][et_pb_text _builder_version=&#8221;4.14.4&#8243; _module_preset=&#8221;default&#8221; text_text_color=&#8221;#FFFFFF&#8221; text_font_size=&#8221;16px&#8221; header_2_font=&#8221;|700|||||||&#8221; header_2_text_align=&#8221;left&#8221; header_2_text_color=&#8221;#FFFFFF&#8221; header_2_font_size=&#8221;27px&#8221; custom_margin=&#8221;0px||48px||false|false&#8221; custom_padding=&#8221;0px||0px||false|false&#8221; header_2_font_size_tablet=&#8221;33px&#8221; header_2_font_size_phone=&#8221;30px&#8221; header_2_font_size_last_edited=&#8221;on|phone&#8221; header_2_line_height_tablet=&#8221;&#8221; header_2_line_height_phone=&#8221;1.3em&#8221; header_2_line_height_last_edited=&#8221;on|phone&#8221; global_colors_info=&#8221;{}&#8221;]<\/p>\n<h2>Why partner with Mountain Bike Movement?<\/h2>\n<div>\u00a0<\/div>\n<p>[\/et_pb_text][et_pb_accordion open_toggle_text_color=&#8221;#FFFFFF&#8221; open_toggle_background_color=&#8221;rgba(0,0,0,0)&#8221; closed_toggle_text_color=&#8221;#FFFFFF&#8221; closed_toggle_background_color=&#8221;rgba(0,0,0,0)&#8221; icon_color=&#8221;#e3b53f&#8221; _builder_version=&#8221;4.14.4&#8243; toggle_text_color=&#8221;#FFFFFF&#8221; toggle_font=&#8221;||||||||&#8221; toggle_font_size=&#8221;14px&#8221; toggle_line_height=&#8221;1.5em&#8221; animation_style=&#8221;slide&#8221; animation_direction=&#8221;top&#8221; animation_intensity_slide=&#8221;3%&#8221; border_width_all=&#8221;0px&#8221; border_width_bottom=&#8221;2px&#8221; global_colors_info=&#8221;{}&#8221;][et_pb_accordion_item title=&#8221;Improvement of techniques and skills&#8221; open=&#8221;on&#8221; _builder_version=&#8221;4.14.4&#8243; custom_margin=&#8221;||0px|&#8221; custom_padding=&#8221;|0px||0px||true&#8221; global_colors_info=&#8221;{}&#8221;]<\/p>\n<p>We have the expertise and experience, to design and build a racetrack, that matches the demands of the riders and \u00a0to comply with the UCI-racetrack standards.<\/p>\n<p>[\/et_pb_accordion_item][et_pb_accordion_item title=&#8221;Safety&#8221; _builder_version=&#8221;4.14.4&#8243; custom_margin=&#8221;||0px|&#8221; custom_padding=&#8221;|0px||0px||true&#8221; global_colors_info=&#8221;{}&#8221; open=&#8221;off&#8221;]<\/p>\n<p>We can assure, that our tracks are build safely and comply with the standards, to minimize the risk of crashes and injuries.<\/p>\n<p>[\/et_pb_accordion_item][et_pb_accordion_item title=&#8221;Efficiency &#8221; _builder_version=&#8221;4.14.4&#8243; custom_margin=&#8221;||0px|&#8221; custom_padding=&#8221;|0px||0px||true&#8221; global_colors_info=&#8221;{}&#8221; open=&#8221;off&#8221;]<\/p>\n<p>Due to our expertise, our experience and our equipment, we are able to build trails more efficiently and \u00a0to ultimately be fast but precise.<\/p>\n<p>[\/et_pb_accordion_item][et_pb_accordion_item title=&#8221;Safety&#8221; _builder_version=&#8221;4.14.4&#8243; custom_margin=&#8221;||0px|&#8221; custom_padding=&#8221;|0px||0px||true&#8221; global_colors_info=&#8221;{}&#8221; open=&#8221;off&#8221;]<\/p>\n<p>Skillparks are made to give the riders the possibility to train their techniques and skillset on a safe environment. Therefore they contribute to minimize the risk of crashes on the trails. With the acquired skills in the skillpark, riders are able to ride the trails safer and in a more controlled way.<\/p>\n<p>[\/et_pb_accordion_item][et_pb_accordion_item title=&#8221;longterm maintenance&#8221; _builder_version=&#8221;4.14.4&#8243; custom_margin=&#8221;||0px|&#8221; custom_padding=&#8221;|0px||0px||true&#8221; global_colors_info=&#8221;{}&#8221; open=&#8221;off&#8221;]<\/p>\n<p>We do as well offer longterm maintenance service, to assure that the trails are in good conditions and comply to demands of the riders and the race management centre.<\/p>\n<p>[\/et_pb_accordion_item][\/et_pb_accordion][\/et_pb_column][et_pb_column type=&#8221;2_5&#8243; _builder_version=&#8221;4.4.8&#8243; global_colors_info=&#8221;{}&#8221;][et_pb_blurb title=&#8221;Requests&#8221; url=&#8221;http:\/\/mountainbikemovement.com\/kontakt&#8221; image=&#8221;https:\/\/mountainbikemovement.com\/wp-content\/uploads\/2023\/02\/IMG_3560-scaled.jpg&#8221; _builder_version=&#8221;4.14.4&#8243; header_font=&#8221;|600|||||||&#8221; header_font_size=&#8221;16px&#8221; background_color=&#8221;#e3b53f&#8221; text_orientation=&#8221;center&#8221; background_layout=&#8221;dark&#8221; custom_margin=&#8221;|||&#8221; custom_padding=&#8221;||20px|&#8221; animation_style=&#8221;zoom&#8221; animation_intensity_zoom=&#8221;5%&#8221; animation=&#8221;off&#8221; link_option_url=&#8221;http:\/\/mountainbikemovement.com\/kontakt&#8221; border_radii=&#8221;on|3px|3px|3px|3px&#8221; global_colors_info=&#8221;{}&#8221;][\/et_pb_blurb][\/et_pb_column][\/et_pb_row][\/et_pb_section][et_pb_section fb_built=&#8221;1&#8243; custom_padding_last_edited=&#8221;on|tablet&#8221; _builder_version=&#8221;4.17.4&#8243; _module_preset=&#8221;default&#8221; background_color=&#8221;#000000&#8243; custom_margin=&#8221;0px||0px||false|false&#8221; custom_padding=&#8221;70px||100px||false|false&#8221; custom_padding_tablet=&#8221;120px||120px||false|false&#8221; custom_padding_phone=&#8221;90px||90px||false|false&#8221; locked=&#8221;off&#8221; global_colors_info=&#8221;{}&#8221;][et_pb_row _builder_version=&#8221;4.17.4&#8243; _module_preset=&#8221;default&#8221; custom_padding=&#8221;0px||0px|||&#8221; global_colors_info=&#8221;{}&#8221;][et_pb_column type=&#8221;4_4&#8243; _builder_version=&#8221;4.17.4&#8243; _module_preset=&#8221;default&#8221; global_colors_info=&#8221;{}&#8221;][et_pb_text _builder_version=&#8221;4.14.4&#8243; _module_preset=&#8221;default&#8221; hover_enabled=&#8221;0&#8243; global_colors_info=&#8221;{}&#8221; sticky_enabled=&#8221;0&#8243;]<\/p>\n<div class=\"rl-gallery-container rl-loading\" id=\"rl-gallery-container-1\" data-gallery_id=\"73468\"> <div class=\"rl-gallery rl-basicgrid-gallery \" id=\"rl-gallery-1\" data-gallery_no=\"1\"> <div class=\"rl-gallery-item\"><a href=\"https:\/\/mountainbikemovement.com\/wp-content\/uploads\/2023\/02\/IMG_1072-768x1024.jpeg\" title=\"\" data-rl_title=\"\" class=\"rl-gallery-link\" data-rl_caption=\"\" data-rel=\"lightbox-gallery-1\"><img loading=\"lazy\" decoding=\"async\" src=\"https:\/\/mountainbikemovement.com\/wp-content\/uploads\/2023\/02\/IMG_1072-225x300.jpeg\" width=\"225\" height=\"300\" alt=\"Zwei gro\u00dfe Bagger stehen sich in einem felsigen Au\u00dfenbereich gegen\u00fcber und heben ihre Schaufeln hoch, um ein Red Bull Radikal-Banner hochzuhalten. In der N\u00e4he schl\u00e4ngelt sich ein Mountainbike-Trail entlang, w\u00e4hrend im Hintergrund eine Person unter einem bew\u00f6lkten Himmel steht.\" \/><\/a><\/div><div class=\"rl-gallery-item\"><a href=\"https:\/\/mountainbikemovement.com\/wp-content\/uploads\/2023\/02\/IMG_2784-768x1024.jpg\" title=\"\" data-rl_title=\"\" class=\"rl-gallery-link\" data-rl_caption=\"\" data-rel=\"lightbox-gallery-1\"><img loading=\"lazy\" decoding=\"async\" src=\"https:\/\/mountainbikemovement.com\/wp-content\/uploads\/2023\/02\/IMG_2784-225x300.jpg\" width=\"225\" height=\"300\" alt=\"Auf einem Holzpodest im Wald steht ein Schild mit der Aufschrift \u201eCrankworx Innsbruck\u201c. Die Downhill-Mountainbike-Strecke ist gesperrt, Fu\u00dfg\u00e4nger und Radfahrer sind verboten. Im Hintergrund sind B\u00e4ume zu sehen.\" \/><\/a><\/div><div class=\"rl-gallery-item\"><a href=\"https:\/\/mountainbikemovement.com\/wp-content\/uploads\/2023\/02\/IMG_7958-768x1024.jpeg\" title=\"\" data-rl_title=\"\" class=\"rl-gallery-link\" data-rl_caption=\"\" data-rel=\"lightbox-gallery-1\"><img loading=\"lazy\" decoding=\"async\" src=\"https:\/\/mountainbikemovement.com\/wp-content\/uploads\/2023\/02\/IMG_7958-225x300.jpeg\" width=\"225\" height=\"300\" alt=\"Eine Person in einer gr\u00fcnen Jacke liegt auf einem mit bunten Skist\u00f6cken beladenen Auto und f\u00e4hrt auf einem Schotterweg durch ein Waldgebiet. Der Kofferraum ist offen, die T\u00fcr angelehnt, umgeben von hohen Kiefern. #Mountainbikebewegung.\" \/><\/a><\/div><div class=\"rl-gallery-item\"><a href=\"https:\/\/mountainbikemovement.com\/wp-content\/uploads\/2023\/02\/IMG_7844-768x1024.jpeg\" title=\"\" data-rl_title=\"\" class=\"rl-gallery-link\" data-rl_caption=\"\" data-rel=\"lightbox-gallery-1\"><img loading=\"lazy\" decoding=\"async\" src=\"https:\/\/mountainbikemovement.com\/wp-content\/uploads\/2023\/02\/IMG_7844-225x300.jpeg\" width=\"225\" height=\"300\" alt=\"Ein unbefestigter Mountainbike-Pfad schl\u00e4ngelt sich durch einen Wald aus hohen Kiefern. Um einige Baumst\u00e4mme sind gelbe, gepolsterte Decken mit der Aufschrift \u201eInnsbruck\u201c gewickelt und der Weg ist mit gelbem Klebeband markiert.\" \/><\/a><\/div> <\/div> <\/div>\n<p>[\/et_pb_text][\/et_pb_column][\/et_pb_row][\/et_pb_section]<\/p>\n","protected":false},"excerpt":{"rendered":"<p>Racetracks are planned, sanitized and provided with advertising material We are planning and preparing racetracks (according to UCI-Standards) for your events. This includes track-maintenance, safety-arrangements, Course-maps, Taping and the setup of the event infrastructure. We oversee the track observation with the Radsportverband and take care of the racetrack whilst the duration of the event. Furthermore [&hellip;]<\/p>\n","protected":false},"author":1,"featured_media":0,"parent":0,"menu_order":0,"comment_status":"closed","ping_status":"closed","template":"","meta":{"_et_pb_use_builder":"on","_et_pb_old_content":"","_et_gb_content_width":"","footnotes":""},"class_list":["post-74507","page","type-page","status-publish","hentry"],"_links":{"self":[{"href":"https:\/\/mountainbikemovement.com\/en\/wp-json\/wp\/v2\/pages\/74507","targetHints":{"allow":["GET"]}}],"collection":[{"href":"https:\/\/mountainbikemovement.com\/en\/wp-json\/wp\/v2\/pages"}],"about":[{"href":"https:\/\/mountainbikemovement.com\/en\/wp-json\/wp\/v2\/types\/page"}],"author":[{"embeddable":true,"href":"https:\/\/mountainbikemovement.com\/en\/wp-json\/wp\/v2\/users\/1"}],"replies":[{"embeddable":true,"href":"https:\/\/mountainbikemovement.com\/en\/wp-json\/wp\/v2\/comments?post=74507"}],"version-history":[{"count":5,"href":"https:\/\/mountainbikemovement.com\/en\/wp-json\/wp\/v2\/pages\/74507\/revisions"}],"predecessor-version":[{"id":74516,"href":"https:\/\/mountainbikemovement.com\/en\/wp-json\/wp\/v2\/pages\/74507\/revisions\/74516"}],"wp:attachment":[{"href":"https:\/\/mountainbikemovement.com\/en\/wp-json\/wp\/v2\/media?parent=74507"}],"curies":[{"name":"wp","href":"https:\/\/api.w.org\/{rel}","templated":true}]}}