{"id":74614,"date":"2023-02-16T00:11:23","date_gmt":"2023-02-16T00:11:23","guid":{"rendered":"https:\/\/mountainbikemovement.com\/rimozione-delle-ondulazioni-da-freno-e-freno-e-frese-per-trail"},"modified":"2023-04-17T14:32:30","modified_gmt":"2023-04-17T14:32:30","slug":"rimozione-delle-ondulazioni-da-freno-e-freno-e-frese-per-trail","status":"publish","type":"page","link":"https:\/\/mountainbikemovement.com\/it\/rimozione-delle-ondulazioni-da-freno-e-freno-e-frese-per-trail","title":{"rendered":"Fresare via le onde di frenata"},"content":{"rendered":"<p>[et_pb_section fb_built=&#8221;1&#8243; fullwidth=&#8221;on&#8221; _builder_version=&#8221;4.14.4&#8243; locked=&#8221;off&#8221; global_colors_info=&#8221;{}&#8221; theme_builder_area=&#8221;post_content&#8221;][et_pb_fullwidth_slider arrows_custom_color=&#8221;#ffffff&#8221; dot_nav_custom_color=&#8221;#ffffff&#8221; _builder_version=&#8221;4.14.4&#8243; header_font=&#8221;|700||on|||||&#8221; header_text_color=&#8221;#ffffff&#8221; header_font_size=&#8221;40px&#8221; header_line_height=&#8221;1.5em&#8221; body_font=&#8221;Roboto|300|||||||&#8221; body_text_color=&#8221;#ffffff&#8221; body_font_size=&#8221;15px&#8221; body_line_height=&#8221;1.8em&#8221; custom_button=&#8221;on&#8221; button_text_size=&#8221;14px&#8221; button_text_color=&#8221;#000000&#8243; button_bg_color=&#8221;#ffffff&#8221; button_border_width=&#8221;11px&#8221; button_border_color=&#8221;#ffffff&#8221; button_border_radius=&#8221;0px&#8221; button_letter_spacing=&#8221;1px&#8221; button_font=&#8221;Poppins|||on|||||&#8221; button_use_icon=&#8221;off&#8221; button_custom_margin=&#8221;34px||||false|false&#8221; content_max_width=&#8221;800px&#8221; custom_padding=&#8221;28%||28%||true|false&#8221; hover_enabled=&#8221;0&#8243; header_font_size_tablet=&#8221;&#8221; header_font_size_phone=&#8221;25px&#8221; header_font_size_last_edited=&#8221;on|desktop&#8221; global_colors_info=&#8221;{}&#8221; button_text_color__hover=&#8221;#474747&#8243; button_text_color__hover_enabled=&#8221;on&#8221; button_bg_color__hover=&#8221;#bfbfbf&#8221; button_bg_color__hover_enabled=&#8221;on&#8221; button_border_color__hover=&#8221;#bfbfbf&#8221; button_border_color__hover_enabled=&#8221;on&#8221; button_letter_spacing__hover=&#8221;2px&#8221; button_letter_spacing__hover_enabled=&#8221;on&#8221; theme_builder_area=&#8221;post_content&#8221; sticky_enabled=&#8221;0&#8243;][et_pb_slide heading=&#8221;Fresare via le onde di frenata&#8221; _builder_version=&#8221;4.14.4&#8243; header_font=&#8221;|700||on|||||&#8221; background_color=&#8221;#383838&#8243; background_enable_color=&#8221;on&#8221; use_background_color_gradient=&#8221;on&#8221; background_color_gradient_start=&#8221;rgba(0,0,0,0.51)&#8221; background_color_gradient_end=&#8221;rgba(0,0,0,0.51)&#8221; background_color_gradient_overlays_image=&#8221;on&#8221; background_image=&#8221;https:\/\/mountainbikemovement.com\/wp-content\/uploads\/2023\/02\/IMG_9412-1-scaled.jpeg&#8221; background_enable_image=&#8221;on&#8221; hover_enabled=&#8221;0&#8243; global_colors_info=&#8221;{}&#8221; sticky_transition=&#8221;on&#8221; theme_builder_area=&#8221;post_content&#8221; title_text=&#8221;IMG_9412&#8243; sticky_enabled=&#8221;0&#8243;][\/et_pb_slide][\/et_pb_fullwidth_slider][\/et_pb_section][et_pb_section fb_built=&#8221;1&#8243; custom_padding_last_edited=&#8221;on|tablet&#8221; _builder_version=&#8221;4.17.4&#8243; _module_preset=&#8221;default&#8221; background_color=&#8221;#000000&#8243; custom_margin=&#8221;0px||0px||false|false&#8221; custom_padding=&#8221;100px||100px||true|false&#8221; custom_padding_tablet=&#8221;120px||120px||false|false&#8221; custom_padding_phone=&#8221;90px||90px||false|false&#8221; locked=&#8221;off&#8221; global_colors_info=&#8221;{}&#8221; theme_builder_area=&#8221;post_content&#8221;][et_pb_row _builder_version=&#8221;4.17.4&#8243; _module_preset=&#8221;default&#8221; custom_padding=&#8221;0px||0px|||&#8221; global_colors_info=&#8221;{}&#8221; theme_builder_area=&#8221;post_content&#8221;][et_pb_column type=&#8221;4_4&#8243; _builder_version=&#8221;4.17.4&#8243; _module_preset=&#8221;default&#8221; global_colors_info=&#8221;{}&#8221; theme_builder_area=&#8221;post_content&#8221;][et_pb_divider color=&#8221;#E3B53F&#8221; _builder_version=&#8221;4.14.4&#8243; _module_preset=&#8221;default&#8221; width=&#8221;64px&#8221; width_tablet=&#8221;64px&#8221; width_phone=&#8221;63px&#8221; width_last_edited=&#8221;on|phone&#8221; module_alignment=&#8221;center&#8221; custom_margin=&#8221;0px||3px||false|false&#8221; custom_padding=&#8221;0px||0px||false|false&#8221; global_colors_info=&#8221;{}&#8221; theme_builder_area=&#8221;post_content&#8221;][\/et_pb_divider][et_pb_text _builder_version=&#8221;4.14.4&#8243; _module_preset=&#8221;default&#8221; text_text_color=&#8221;#FFFFFF&#8221; text_font_size=&#8221;16px&#8221; header_2_font=&#8221;|700|||||||&#8221; header_2_text_align=&#8221;left&#8221; header_2_text_color=&#8221;#FFFFFF&#8221; header_2_font_size=&#8221;27px&#8221; header_2_line_height=&#8221;1.3em&#8221; custom_margin=&#8221;0px||48px||false|false&#8221; custom_padding=&#8221;0px||0px||false|false&#8221; hover_enabled=&#8221;0&#8243; header_2_font_size_tablet=&#8221;33px&#8221; header_2_font_size_phone=&#8221;30px&#8221; header_2_font_size_last_edited=&#8221;on|phone&#8221; header_2_line_height_tablet=&#8221;&#8221; header_2_line_height_phone=&#8221;1.3em&#8221; header_2_line_height_last_edited=&#8221;on|phone&#8221; locked=&#8221;off&#8221; global_colors_info=&#8221;{}&#8221; theme_builder_area=&#8221;post_content&#8221; sticky_enabled=&#8221;0&#8243;]<\/p>\n<h2>REMOZIONE DELLE ONDULAZIONI DA FRENO E FRESE PER PERCORSO<\/h2>\n<p>La rimozione delle ondulazioni da freno sui sentieri da mountain bike pu\u00f2 essere un argomento controverso. Le ondulazioni da freno sono spesso il risultato della frenata su un sentiero, che pu\u00f2 causare l&#8217;erosione del terreno e la formazione di un buco profondo. Ci\u00f2 pu\u00f2 non solo avere un aspetto poco gradevole, ma anche essere pericoloso poich\u00e9 i ciclisti potrebbero cadere nelle ondulazioni da freno.<\/p>\n<p>Tuttavia, alcuni appassionati di trail sostengono che la rimozione delle ondulazioni da freno modifichi il carattere naturale del sentiero e che siano parte dell&#8217;esperienza di guida. Inoltre, possono contribuire a ridurre la velocit\u00e0 sul sentiero, aumentando cos\u00ec la sicurezza.<\/p>\n<p>In ultima analisi, dipende dalle esigenze e dalle priorit\u00e0 degli utenti del sentiero decidere se rimuovere o meno le ondulazioni da freno. In ogni caso, \u00e8 importante che qualsiasi modifica al sentiero sia effettuata in modo responsabile e sostenibile per proteggere l&#8217;ambiente e la sicurezza di tutti.<\/p>\n<p>[\/et_pb_text][\/et_pb_column][\/et_pb_row][\/et_pb_section]<\/p>\n","protected":false},"excerpt":{"rendered":"<p>REMOZIONE DELLE ONDULAZIONI DA FRENO E FRESE PER PERCORSO La rimozione delle ondulazioni da freno sui sentieri da mountain bike pu\u00f2 essere un argomento controverso. Le ondulazioni da freno sono spesso il risultato della frenata su un sentiero, che pu\u00f2 causare l&#8217;erosione del terreno e la formazione di un buco profondo. Ci\u00f2 pu\u00f2 non solo [&hellip;]<\/p>\n","protected":false},"author":1,"featured_media":0,"parent":0,"menu_order":0,"comment_status":"closed","ping_status":"closed","template":"","meta":{"_et_pb_use_builder":"on","_et_pb_old_content":"","_et_gb_content_width":"","footnotes":""},"class_list":["post-74614","page","type-page","status-publish","hentry"],"_links":{"self":[{"href":"https:\/\/mountainbikemovement.com\/it\/wp-json\/wp\/v2\/pages\/74614","targetHints":{"allow":["GET"]}}],"collection":[{"href":"https:\/\/mountainbikemovement.com\/it\/wp-json\/wp\/v2\/pages"}],"about":[{"href":"https:\/\/mountainbikemovement.com\/it\/wp-json\/wp\/v2\/types\/page"}],"author":[{"embeddable":true,"href":"https:\/\/mountainbikemovement.com\/it\/wp-json\/wp\/v2\/users\/1"}],"replies":[{"embeddable":true,"href":"https:\/\/mountainbikemovement.com\/it\/wp-json\/wp\/v2\/comments?post=74614"}],"version-history":[{"count":8,"href":"https:\/\/mountainbikemovement.com\/it\/wp-json\/wp\/v2\/pages\/74614\/revisions"}],"predecessor-version":[{"id":74669,"href":"https:\/\/mountainbikemovement.com\/it\/wp-json\/wp\/v2\/pages\/74614\/revisions\/74669"}],"wp:attachment":[{"href":"https:\/\/mountainbikemovement.com\/it\/wp-json\/wp\/v2\/media?parent=74614"}],"curies":[{"name":"wp","href":"https:\/\/api.w.org\/{rel}","templated":true}]}}