{"id":74629,"date":"2020-07-07T11:22:10","date_gmt":"2020-07-07T09:22:10","guid":{"rendered":"https:\/\/mountainbikemovement.com\/nota-legale"},"modified":"2023-04-17T10:11:15","modified_gmt":"2023-04-17T10:11:15","slug":"nota-legale","status":"publish","type":"page","link":"https:\/\/mountainbikemovement.com\/it\/nota-legale","title":{"rendered":"Nota Legale"},"content":{"rendered":"<p>[et_pb_section fb_built=&#8221;1&#8243; admin_label=&#8221;Recent Work&#8221; _builder_version=&#8221;3.22&#8243; global_colors_info=&#8221;{}&#8221;][et_pb_row admin_label=&#8221;Service Area&#8221; _builder_version=&#8221;4.4.8&#8243; locked=&#8221;off&#8221; global_colors_info=&#8221;{}&#8221;][et_pb_column type=&#8221;4_4&#8243; _builder_version=&#8221;3.25&#8243; custom_padding=&#8221;|||&#8221; global_colors_info=&#8221;{}&#8221; custom_padding__hover=&#8221;|||&#8221;][et_pb_text admin_label=&#8221;Subtitle&#8221; _builder_version=&#8221;4.11.2&#8243; text_font=&#8221;||||||||&#8221; text_font_size=&#8221;18px&#8221; text_line_height=&#8221;1.8em&#8221; max_width_tablet=&#8221;&#8221; max_width_phone=&#8221;&#8221; max_width_last_edited=&#8221;on|desktop&#8221; custom_padding=&#8221;|||&#8221; animation_style=&#8221;fold&#8221; animation_direction=&#8221;left&#8221; animation_intensity_fold=&#8221;5%&#8221; animation_starting_opacity=&#8221;100%&#8221; hover_enabled=&#8221;0&#8243; locked=&#8221;off&#8221; global_colors_info=&#8221;{}&#8221; sticky_enabled=&#8221;0&#8243;]<\/p>\n<p><strong>Nota Legale<br \/>Informazioni ai sensi del \u00a7 5 TMG<\/strong> <br \/>Daniel Tulla (imprenditore individuale) <br \/>Rosengasse 25 <br \/>AUT &#8211; 6020 Innsbruck <br \/>UID-Nr: ATU70552029<\/p>\n<p><strong>Contatto<\/strong> <br \/>Telefono: +43 664 2025040 <br \/>E-mail: office(at)mountainbikemovement.com<\/p>\n<p><strong>Responsabilit\u00e0 per il contenuto<\/strong> <br \/>Come fornitori di servizi, siamo responsabili ai sensi del \u00a7 7, comma 1 TMG, per i contenuti propri di queste pagine web. Secondo i \u00a7\u00a7 8-10 TMG, come fornitori di servizi non siamo tenuti a monitorare le informazioni di terzi trasmesse o archiviate, n\u00e9 a cercare circostanze che possano indicare un&#8217;attivit\u00e0 illecita. Le obbligazioni di rimuovere o bloccare l&#8217;uso delle informazioni in conformit\u00e0 con le leggi generali restano impregiudicate. Una responsabilit\u00e0 in tal senso, tuttavia, \u00e8 possibile solo a partire dal momento in cui si prende conoscenza di una violazione specifica della legge. In caso di conoscenza di violazioni di legge, rimuoveremo immediatamente tali contenuti.<\/p>\n<p><strong>Responsabilit\u00e0 per i link<\/strong> <br \/>La nostra offerta contiene link a siti web esterni di terzi sui cui contenuti non abbiamo alcun controllo. Pertanto, non possiamo garantire per questi contenuti di terzi. Il rispettivo fornitore o gestore delle pagine \u00e8 sempre responsabile dei contenuti delle pagine collegate. Le pagine collegate sono state controllate per eventuali violazioni della legge al momento della loro creazione. Contenuti illegali non erano riconoscibili al momento del collegamento. Un controllo permanente dei contenuti delle pagine collegate non \u00e8 tuttavia possibile senza indicazioni concrete di una violazione della legge. Se ci rendiamo conto di violazioni di legge, rimuoveremo immediatamente tali link.<\/p>\n<p><strong>Diritto d&#8217;autore<\/strong> <br \/>I contenuti e le opere create dai gestori delle pagine su queste pagine web sono soggetti al diritto d&#8217;autore tedesco. La riproduzione, la modifica, la distribuzione e qualsiasi forma di utilizzo al di fuori dei limiti del diritto d&#8217;autore richiedono il consenso scritto dell&#8217;autore o del creatore rispettivo. I download e le copie di queste pagine sono consentiti solo per uso privato, non commerciale. Per quanto riguarda i contenuti di queste pagine non creati dal gestore, vengono rispettati i diritti d&#8217;autore di terzi. In particolare, i contenuti di terzi sono contrassegnati come tali. Se dovessi comunque notare una violazione dei diritti d&#8217;autore, ti preghiamo di segnalarcelo. In caso di violazioni di legge, rimuoveremo immediatamente tali contenuti.<\/p>\n<p>Fonte: eRecht24<\/p>\n<p>[\/et_pb_text][\/et_pb_column][\/et_pb_row][\/et_pb_section]<\/p>\n","protected":false},"excerpt":{"rendered":"<p>Nota LegaleInformazioni ai sensi del \u00a7 5 TMG Daniel Tulla (imprenditore individuale) Rosengasse 25 AUT &#8211; 6020 Innsbruck UID-Nr: ATU70552029 Contatto Telefono: +43 664 2025040 E-mail: office(at)mountainbikemovement.com Responsabilit\u00e0 per il contenuto Come fornitori di servizi, siamo responsabili ai sensi del \u00a7 7, comma 1 TMG, per i contenuti propri di queste pagine web. Secondo i [&hellip;]<\/p>\n","protected":false},"author":1,"featured_media":0,"parent":0,"menu_order":0,"comment_status":"closed","ping_status":"closed","template":"","meta":{"_et_pb_use_builder":"on","_et_pb_old_content":"","_et_gb_content_width":"","footnotes":""},"class_list":["post-74629","page","type-page","status-publish","hentry"],"_links":{"self":[{"href":"https:\/\/mountainbikemovement.com\/it\/wp-json\/wp\/v2\/pages\/74629","targetHints":{"allow":["GET"]}}],"collection":[{"href":"https:\/\/mountainbikemovement.com\/it\/wp-json\/wp\/v2\/pages"}],"about":[{"href":"https:\/\/mountainbikemovement.com\/it\/wp-json\/wp\/v2\/types\/page"}],"author":[{"embeddable":true,"href":"https:\/\/mountainbikemovement.com\/it\/wp-json\/wp\/v2\/users\/1"}],"replies":[{"embeddable":true,"href":"https:\/\/mountainbikemovement.com\/it\/wp-json\/wp\/v2\/comments?post=74629"}],"version-history":[{"count":2,"href":"https:\/\/mountainbikemovement.com\/it\/wp-json\/wp\/v2\/pages\/74629\/revisions"}],"predecessor-version":[{"id":74631,"href":"https:\/\/mountainbikemovement.com\/it\/wp-json\/wp\/v2\/pages\/74629\/revisions\/74631"}],"wp:attachment":[{"href":"https:\/\/mountainbikemovement.com\/it\/wp-json\/wp\/v2\/media?parent=74629"}],"curies":[{"name":"wp","href":"https:\/\/api.w.org\/{rel}","templated":true}]}}