{"id":74632,"date":"2023-02-16T00:02:03","date_gmt":"2023-02-16T00:02:03","guid":{"rendered":"https:\/\/mountainbikemovement.com\/piste-downhill"},"modified":"2023-04-17T10:23:38","modified_gmt":"2023-04-17T10:23:38","slug":"piste-downhill","status":"publish","type":"page","link":"https:\/\/mountainbikemovement.com\/it\/piste-downhill","title":{"rendered":"Piste Downhill"},"content":{"rendered":"<p>[et_pb_section fb_built=&#8221;1&#8243; fullwidth=&#8221;on&#8221; _builder_version=&#8221;4.14.4&#8243; locked=&#8221;off&#8221; global_colors_info=&#8221;{}&#8221;][et_pb_fullwidth_slider arrows_custom_color=&#8221;#ffffff&#8221; dot_nav_custom_color=&#8221;#ffffff&#8221; _builder_version=&#8221;4.14.4&#8243; header_font=&#8221;|700||on|||||&#8221; header_text_color=&#8221;#ffffff&#8221; header_font_size=&#8221;40px&#8221; header_line_height=&#8221;1.5em&#8221; body_font=&#8221;Roboto|300|||||||&#8221; body_text_color=&#8221;#ffffff&#8221; body_font_size=&#8221;15px&#8221; body_line_height=&#8221;1.8em&#8221; custom_button=&#8221;on&#8221; button_text_size=&#8221;14px&#8221; button_text_color=&#8221;#000000&#8243; button_bg_color=&#8221;#ffffff&#8221; button_border_width=&#8221;11px&#8221; button_border_color=&#8221;#ffffff&#8221; button_border_radius=&#8221;0px&#8221; button_letter_spacing=&#8221;1px&#8221; button_font=&#8221;Poppins|||on|||||&#8221; button_use_icon=&#8221;off&#8221; button_custom_margin=&#8221;34px||||false|false&#8221; content_max_width=&#8221;800px&#8221; custom_padding=&#8221;28%||28%||true|false&#8221; header_font_size_tablet=&#8221;&#8221; header_font_size_phone=&#8221;25px&#8221; header_font_size_last_edited=&#8221;on|desktop&#8221; global_colors_info=&#8221;{}&#8221; button_text_color__hover=&#8221;#474747&#8243; button_text_color__hover_enabled=&#8221;on&#8221; button_bg_color__hover=&#8221;#bfbfbf&#8221; button_bg_color__hover_enabled=&#8221;on&#8221; button_border_color__hover=&#8221;#bfbfbf&#8221; button_border_color__hover_enabled=&#8221;on&#8221; button_letter_spacing__hover=&#8221;2px&#8221; button_letter_spacing__hover_enabled=&#8221;on&#8221;][et_pb_slide heading=&#8221;Piste Downhill&#8221; _builder_version=&#8221;4.14.4&#8243; header_font=&#8221;|700||on|||||&#8221; background_color=&#8221;#383838&#8243; background_enable_color=&#8221;on&#8221; use_background_color_gradient=&#8221;on&#8221; background_color_gradient_start=&#8221;rgba(0,0,0,0.51)&#8221; background_color_gradient_end=&#8221;rgba(0,0,0,0.51)&#8221; background_color_gradient_overlays_image=&#8221;on&#8221; background_image=&#8221;https:\/\/mountainbikemovement.com\/wp-content\/uploads\/2023\/02\/IMG_7811-scaled.jpeg&#8221; background_enable_image=&#8221;on&#8221; global_colors_info=&#8221;{}&#8221; sticky_transition=&#8221;on&#8221;][\/et_pb_slide][\/et_pb_fullwidth_slider][\/et_pb_section][et_pb_section fb_built=&#8221;1&#8243; custom_padding_last_edited=&#8221;on|tablet&#8221; _builder_version=&#8221;4.17.4&#8243; _module_preset=&#8221;default&#8221; background_color=&#8221;#000000&#8243; custom_margin=&#8221;0px||0px||false|false&#8221; custom_padding=&#8221;100px||0px||false|false&#8221; custom_padding_tablet=&#8221;120px||120px||false|false&#8221; custom_padding_phone=&#8221;90px||90px||false|false&#8221; locked=&#8221;off&#8221; global_colors_info=&#8221;{}&#8221;][et_pb_row _builder_version=&#8221;4.17.4&#8243; _module_preset=&#8221;default&#8221; custom_padding=&#8221;0px||0px|||&#8221; global_colors_info=&#8221;{}&#8221;][et_pb_column type=&#8221;4_4&#8243; _builder_version=&#8221;4.17.4&#8243; _module_preset=&#8221;default&#8221; global_colors_info=&#8221;{}&#8221;][et_pb_divider color=&#8221;#E3B53F&#8221; _builder_version=&#8221;4.14.4&#8243; _module_preset=&#8221;default&#8221; width=&#8221;64px&#8221; width_tablet=&#8221;64px&#8221; width_phone=&#8221;63px&#8221; width_last_edited=&#8221;on|phone&#8221; module_alignment=&#8221;center&#8221; custom_margin=&#8221;0px||3px||false|false&#8221; custom_padding=&#8221;0px||0px||false|false&#8221; global_colors_info=&#8221;{}&#8221;][\/et_pb_divider][et_pb_text _builder_version=&#8221;4.14.4&#8243; _module_preset=&#8221;default&#8221; text_text_color=&#8221;#FFFFFF&#8221; text_font_size=&#8221;16px&#8221; header_2_font=&#8221;|700|||||||&#8221; header_2_text_align=&#8221;left&#8221; header_2_text_color=&#8221;#FFFFFF&#8221; header_2_font_size=&#8221;27px&#8221; header_2_line_height=&#8221;1.3em&#8221; custom_margin=&#8221;0px||48px||false|false&#8221; custom_padding=&#8221;0px||0px||false|false&#8221; header_2_font_size_tablet=&#8221;33px&#8221; header_2_font_size_phone=&#8221;30px&#8221; header_2_font_size_last_edited=&#8221;on|phone&#8221; header_2_line_height_tablet=&#8221;&#8221; header_2_line_height_phone=&#8221;1.3em&#8221; header_2_line_height_last_edited=&#8221;on|phone&#8221; locked=&#8221;off&#8221; global_colors_info=&#8221;{}&#8221;]<\/p>\n<h2>Pianifichiamo, ristrutturiamo e dotiamo di materiale promozionale le piste da downhill<\/h2>\n<p>Prepariamo la pista per il tuo evento seguendo gli standard UCI, attraverso la creazione di mappe del percorso, la manutenzione della pista, la preparazione della sicurezza e l&#8217;installazione delle segnalazioni fino alla costruzione della struttura dell&#8217;evento. Ci occupiamo dell&#8217;approvazione della pista con l&#8217;associazione ciclistica e della gestione della pista durante l&#8217;evento, nonch\u00e9 della rimozione e dell&#8217;organizzazione dei lavori di pulizia dopo l&#8217;evento.<\/p>\n<p>[\/et_pb_text][\/et_pb_column][\/et_pb_row][et_pb_row _builder_version=&#8221;4.14.4&#8243; custom_padding=&#8221;||0px|||&#8221; locked=&#8221;off&#8221; global_colors_info=&#8221;{}&#8221;][et_pb_column type=&#8221;4_4&#8243; _builder_version=&#8221;3.25&#8243; custom_padding=&#8221;|||&#8221; global_colors_info=&#8221;{}&#8221; custom_padding__hover=&#8221;|||&#8221;][et_pb_text _builder_version=&#8221;4.14.4&#8243; _module_preset=&#8221;default&#8221; text_text_color=&#8221;#FFFFFF&#8221; text_font_size=&#8221;16px&#8221; header_2_font=&#8221;|700|||||||&#8221; header_2_text_align=&#8221;left&#8221; header_2_text_color=&#8221;#FFFFFF&#8221; header_2_font_size=&#8221;27px&#8221; custom_margin=&#8221;0px||48px||false|false&#8221; custom_padding=&#8221;0px||0px||false|false&#8221; header_2_font_size_tablet=&#8221;33px&#8221; header_2_font_size_phone=&#8221;30px&#8221; header_2_font_size_last_edited=&#8221;on|phone&#8221; header_2_line_height_tablet=&#8221;&#8221; header_2_line_height_phone=&#8221;1.3em&#8221; header_2_line_height_last_edited=&#8221;on|phone&#8221; locked=&#8221;off&#8221; global_colors_info=&#8221;{}&#8221;]<\/p>\n<p>Ci\u00f2 che rende un Skillpark particolare sono gli ostacoli e gli elementi appositamente progettati per migliorare le abilit\u00e0 e le tecniche dei rider. A differenza dei normali sentieri e percorsi che solitamente utilizzano ostacoli naturali e caratteristiche del terreno, gli ostacoli del Skillpark sono artificiali e disposti in modo da mettere alla prova le specifiche abilit\u00e0 e tecniche dei mountain biker.<\/p>\n<p>[\/et_pb_text][\/et_pb_column][\/et_pb_row][\/et_pb_section][et_pb_section fb_built=&#8221;1&#8243; custom_padding_last_edited=&#8221;off|desktop&#8221; admin_label=&#8221;Services Section&#8221; module_id=&#8221;trailbau&#8221; _builder_version=&#8221;4.14.4&#8243; background_color=&#8221;#000000&#8243; background_color_gradient_start=&#8221;#ffffff&#8221; background_color_gradient_end=&#8221;rgba(255,255,255,0)&#8221; background_color_gradient_direction=&#8221;0deg&#8221; max_width=&#8221;100%&#8221; module_alignment=&#8221;center&#8221; custom_margin=&#8221;|||&#8221; custom_margin_tablet=&#8221;0px|0px|0px|0px|true|true&#8221; custom_margin_last_edited=&#8221;off|desktop&#8221; custom_padding=&#8221;54px|0px|54px|0px|false|false&#8221; custom_padding_tablet=&#8221;|||0px&#8221; bottom_divider_color=&#8221;rgba(227,181,63,0.28)&#8221; bottom_divider_height=&#8221;59%&#8221; bottom_divider_repeat=&#8221;0.4x&#8221; animation_direction=&#8221;bottom&#8221; locked=&#8221;off&#8221; global_colors_info=&#8221;{}&#8221;][et_pb_row column_structure=&#8221;3_5,2_5&#8243; _builder_version=&#8221;4.4.8&#8243; global_colors_info=&#8221;{}&#8221;][et_pb_column type=&#8221;3_5&#8243; _builder_version=&#8221;4.4.8&#8243; global_colors_info=&#8221;{}&#8221;][et_pb_divider color=&#8221;#E3B53F&#8221; _builder_version=&#8221;4.14.4&#8243; _module_preset=&#8221;default&#8221; width=&#8221;64px&#8221; width_tablet=&#8221;64px&#8221; width_phone=&#8221;63px&#8221; width_last_edited=&#8221;on|phone&#8221; module_alignment=&#8221;center&#8221; custom_margin=&#8221;0px||3px||false|false&#8221; custom_padding=&#8221;0px||0px||false|false&#8221; global_colors_info=&#8221;{}&#8221;][\/et_pb_divider][et_pb_text _builder_version=&#8221;4.14.4&#8243; _module_preset=&#8221;default&#8221; text_text_color=&#8221;#FFFFFF&#8221; text_font_size=&#8221;16px&#8221; header_2_font=&#8221;|700|||||||&#8221; header_2_text_align=&#8221;left&#8221; header_2_text_color=&#8221;#FFFFFF&#8221; header_2_font_size=&#8221;27px&#8221; custom_margin=&#8221;0px||48px||false|false&#8221; custom_padding=&#8221;0px||0px||false|false&#8221; header_2_font_size_tablet=&#8221;33px&#8221; header_2_font_size_phone=&#8221;30px&#8221; header_2_font_size_last_edited=&#8221;on|phone&#8221; header_2_line_height_tablet=&#8221;&#8221; header_2_line_height_phone=&#8221;1.3em&#8221; header_2_line_height_last_edited=&#8221;on|phone&#8221; global_colors_info=&#8221;{}&#8221;]<\/p>\n<h2>Perch\u00e9 scegliere Mountain Bike Movement come partner?<\/h2>\n<p>[\/et_pb_text][et_pb_accordion open_toggle_text_color=&#8221;#FFFFFF&#8221; open_toggle_background_color=&#8221;rgba(0,0,0,0)&#8221; closed_toggle_text_color=&#8221;#FFFFFF&#8221; closed_toggle_background_color=&#8221;rgba(0,0,0,0)&#8221; icon_color=&#8221;#e3b53f&#8221; _builder_version=&#8221;4.14.4&#8243; toggle_text_color=&#8221;#FFFFFF&#8221; toggle_font=&#8221;||||||||&#8221; toggle_font_size=&#8221;14px&#8221; toggle_line_height=&#8221;1.5em&#8221; animation_style=&#8221;slide&#8221; animation_direction=&#8221;top&#8221; animation_intensity_slide=&#8221;3%&#8221; border_width_all=&#8221;0px&#8221; border_width_bottom=&#8221;2px&#8221; global_colors_info=&#8221;{}&#8221;][et_pb_accordion_item title=&#8221;Miglioramento delle abilit\u00e0 e delle tecniche.&#8221; open=&#8221;on&#8221; _builder_version=&#8221;4.14.4&#8243; custom_margin=&#8221;||0px|&#8221; custom_padding=&#8221;|0px||0px||true&#8221; global_colors_info=&#8221;{}&#8221;]<\/p>\n<p>Abbiamo la competenza e l&#8217;esperienza necessarie per progettare e costruire un percorso che soddisfi le esigenze dei piloti e i requisiti di standard di gara UCI.<\/p>\n<p>[\/et_pb_accordion_item][et_pb_accordion_item title=&#8221;Sicurezza&#8221; _builder_version=&#8221;4.14.4&#8243; custom_margin=&#8221;||0px|&#8221; custom_padding=&#8221;|0px||0px||true&#8221; global_colors_info=&#8221;{}&#8221; open=&#8221;off&#8221;]<\/p>\n<p>Possiamo garantire che la pista sia costruita in sicurezza e rispetti gli standard, al fine di ridurre al minimo infortuni e incidenti.<\/p>\n<p>[\/et_pb_accordion_item][et_pb_accordion_item title=&#8221;Efficienza&#8221; _builder_version=&#8221;4.14.4&#8243; custom_margin=&#8221;||0px|&#8221; custom_padding=&#8221;|0px||0px||true&#8221; global_colors_info=&#8221;{}&#8221; open=&#8221;off&#8221;]<\/p>\n<p>Possiamo rendere la costruzione della pista pi\u00f9 efficiente in quanto disponiamo dell&#8217;attrezzatura necessaria e della competenza per accelerare il processo.<\/p>\n<p>[\/et_pb_accordion_item][et_pb_accordion_item title=&#8221;Sicurezza&#8221; _builder_version=&#8221;4.14.4&#8243; custom_margin=&#8221;||0px|&#8221; custom_padding=&#8221;|0px||0px||true&#8221; global_colors_info=&#8221;{}&#8221; open=&#8221;off&#8221;]<\/p>\n<p>By design, i parchi per mountain bike sono progettati appositamente per permettere ai ciclisti di migliorare le proprie abilit\u00e0, e possono contribuire anche a ridurre gli incidenti sui sentieri. Imparando le tecniche giuste e imparando a gestire i vari ostacoli presenti nei parchi per mountain bike, i ciclisti possono guidare in modo pi\u00f9 sicuro e controllato sui sentieri.<\/p>\n<p>[\/et_pb_accordion_item][et_pb_accordion_item title=&#8221;Manutenzione a lungo termine&#8221; _builder_version=&#8221;4.14.4&#8243; custom_margin=&#8221;||0px|&#8221; custom_padding=&#8221;|0px||0px||true&#8221; global_colors_info=&#8221;{}&#8221; open=&#8221;off&#8221;]<\/p>\n<p>Possiamo inoltre offrire servizi di manutenzione a lungo termine per garantire che la pista rimanga in buone condizioni e soddisfi le esigenze delle piloti, dei piloti e della direzione gara.<\/p>\n<p>[\/et_pb_accordion_item][\/et_pb_accordion][\/et_pb_column][et_pb_column type=&#8221;2_5&#8243; _builder_version=&#8221;4.4.8&#8243; global_colors_info=&#8221;{}&#8221;][et_pb_blurb title=&#8221;Richieste&#8221; url=&#8221;http:\/\/mountainbikemovement.com\/it\/kontakt&#8221; image=&#8221;https:\/\/mountainbikemovement.com\/wp-content\/uploads\/2023\/02\/IMG_3560-scaled.jpg&#8221; _builder_version=&#8221;4.14.4&#8243; header_font=&#8221;|600|||||||&#8221; header_font_size=&#8221;16px&#8221; background_color=&#8221;#e3b53f&#8221; text_orientation=&#8221;center&#8221; background_layout=&#8221;dark&#8221; custom_margin=&#8221;|||&#8221; custom_padding=&#8221;||20px|&#8221; animation_style=&#8221;zoom&#8221; animation_intensity_zoom=&#8221;5%&#8221; animation=&#8221;off&#8221; link_option_url=&#8221;http:\/\/mountainbikemovement.com\/it\/kontakt&#8221; border_radii=&#8221;on|3px|3px|3px|3px&#8221; global_colors_info=&#8221;{}&#8221;][\/et_pb_blurb][\/et_pb_column][\/et_pb_row][\/et_pb_section][et_pb_section fb_built=&#8221;1&#8243; custom_padding_last_edited=&#8221;on|tablet&#8221; _builder_version=&#8221;4.17.4&#8243; _module_preset=&#8221;default&#8221; background_color=&#8221;#000000&#8243; custom_margin=&#8221;0px||0px||false|false&#8221; custom_padding=&#8221;70px||100px||false|false&#8221; custom_padding_tablet=&#8221;120px||120px||false|false&#8221; custom_padding_phone=&#8221;90px||90px||false|false&#8221; locked=&#8221;off&#8221; global_colors_info=&#8221;{}&#8221;][et_pb_row _builder_version=&#8221;4.17.4&#8243; _module_preset=&#8221;default&#8221; custom_padding=&#8221;0px||0px|||&#8221; global_colors_info=&#8221;{}&#8221;][et_pb_column type=&#8221;4_4&#8243; _builder_version=&#8221;4.17.4&#8243; _module_preset=&#8221;default&#8221; global_colors_info=&#8221;{}&#8221;][et_pb_text _builder_version=&#8221;4.14.4&#8243; _module_preset=&#8221;default&#8221; hover_enabled=&#8221;0&#8243; global_colors_info=&#8221;{}&#8221; sticky_enabled=&#8221;0&#8243;]<div class=\"rl-gallery-container rl-loading\" id=\"rl-gallery-container-1\" data-gallery_id=\"73468\"> <div class=\"rl-gallery rl-basicgrid-gallery \" id=\"rl-gallery-1\" data-gallery_no=\"1\"> <div class=\"rl-gallery-item\"><a href=\"https:\/\/mountainbikemovement.com\/wp-content\/uploads\/2023\/02\/IMG_1072-768x1024.jpeg\" title=\"\" data-rl_title=\"\" class=\"rl-gallery-link\" data-rl_caption=\"\" data-rel=\"lightbox-gallery-1\"><img loading=\"lazy\" decoding=\"async\" src=\"https:\/\/mountainbikemovement.com\/wp-content\/uploads\/2023\/02\/IMG_1072-225x300.jpeg\" width=\"225\" height=\"300\" alt=\"Zwei gro\u00dfe Bagger stehen sich in einem felsigen Au\u00dfenbereich gegen\u00fcber und heben ihre Schaufeln hoch, um ein Red Bull Radikal-Banner hochzuhalten. In der N\u00e4he schl\u00e4ngelt sich ein Mountainbike-Trail entlang, w\u00e4hrend im Hintergrund eine Person unter einem bew\u00f6lkten Himmel steht.\" \/><\/a><\/div><div class=\"rl-gallery-item\"><a href=\"https:\/\/mountainbikemovement.com\/wp-content\/uploads\/2023\/02\/IMG_2784-768x1024.jpg\" title=\"\" data-rl_title=\"\" class=\"rl-gallery-link\" data-rl_caption=\"\" data-rel=\"lightbox-gallery-1\"><img loading=\"lazy\" decoding=\"async\" src=\"https:\/\/mountainbikemovement.com\/wp-content\/uploads\/2023\/02\/IMG_2784-225x300.jpg\" width=\"225\" height=\"300\" alt=\"Auf einem Holzpodest im Wald steht ein Schild mit der Aufschrift \u201eCrankworx Innsbruck\u201c. Die Downhill-Mountainbike-Strecke ist gesperrt, Fu\u00dfg\u00e4nger und Radfahrer sind verboten. Im Hintergrund sind B\u00e4ume zu sehen.\" \/><\/a><\/div><div class=\"rl-gallery-item\"><a href=\"https:\/\/mountainbikemovement.com\/wp-content\/uploads\/2023\/02\/IMG_7958-768x1024.jpeg\" title=\"\" data-rl_title=\"\" class=\"rl-gallery-link\" data-rl_caption=\"\" data-rel=\"lightbox-gallery-1\"><img loading=\"lazy\" decoding=\"async\" src=\"https:\/\/mountainbikemovement.com\/wp-content\/uploads\/2023\/02\/IMG_7958-225x300.jpeg\" width=\"225\" height=\"300\" alt=\"Eine Person in einer gr\u00fcnen Jacke liegt auf einem mit bunten Skist\u00f6cken beladenen Auto und f\u00e4hrt auf einem Schotterweg durch ein Waldgebiet. Der Kofferraum ist offen, die T\u00fcr angelehnt, umgeben von hohen Kiefern. #Mountainbikebewegung.\" \/><\/a><\/div><div class=\"rl-gallery-item\"><a href=\"https:\/\/mountainbikemovement.com\/wp-content\/uploads\/2023\/02\/IMG_7844-768x1024.jpeg\" title=\"\" data-rl_title=\"\" class=\"rl-gallery-link\" data-rl_caption=\"\" data-rel=\"lightbox-gallery-1\"><img loading=\"lazy\" decoding=\"async\" src=\"https:\/\/mountainbikemovement.com\/wp-content\/uploads\/2023\/02\/IMG_7844-225x300.jpeg\" width=\"225\" height=\"300\" alt=\"Ein unbefestigter Mountainbike-Pfad schl\u00e4ngelt sich durch einen Wald aus hohen Kiefern. Um einige Baumst\u00e4mme sind gelbe, gepolsterte Decken mit der Aufschrift \u201eInnsbruck\u201c gewickelt und der Weg ist mit gelbem Klebeband markiert.\" \/><\/a><\/div> <\/div> <\/div>[\/et_pb_text][\/et_pb_column][\/et_pb_row][\/et_pb_section]<\/p>\n","protected":false},"excerpt":{"rendered":"<p>Pianifichiamo, ristrutturiamo e dotiamo di materiale promozionale le piste da downhill Prepariamo la pista per il tuo evento seguendo gli standard UCI, attraverso la creazione di mappe del percorso, la manutenzione della pista, la preparazione della sicurezza e l&#8217;installazione delle segnalazioni fino alla costruzione della struttura dell&#8217;evento. Ci occupiamo dell&#8217;approvazione della pista con l&#8217;associazione ciclistica [&hellip;]<\/p>\n","protected":false},"author":1,"featured_media":0,"parent":0,"menu_order":0,"comment_status":"closed","ping_status":"closed","template":"","meta":{"_et_pb_use_builder":"on","_et_pb_old_content":"","_et_gb_content_width":"","footnotes":""},"class_list":["post-74632","page","type-page","status-publish","hentry"],"_links":{"self":[{"href":"https:\/\/mountainbikemovement.com\/it\/wp-json\/wp\/v2\/pages\/74632","targetHints":{"allow":["GET"]}}],"collection":[{"href":"https:\/\/mountainbikemovement.com\/it\/wp-json\/wp\/v2\/pages"}],"about":[{"href":"https:\/\/mountainbikemovement.com\/it\/wp-json\/wp\/v2\/types\/page"}],"author":[{"embeddable":true,"href":"https:\/\/mountainbikemovement.com\/it\/wp-json\/wp\/v2\/users\/1"}],"replies":[{"embeddable":true,"href":"https:\/\/mountainbikemovement.com\/it\/wp-json\/wp\/v2\/comments?post=74632"}],"version-history":[{"count":2,"href":"https:\/\/mountainbikemovement.com\/it\/wp-json\/wp\/v2\/pages\/74632\/revisions"}],"predecessor-version":[{"id":74634,"href":"https:\/\/mountainbikemovement.com\/it\/wp-json\/wp\/v2\/pages\/74632\/revisions\/74634"}],"wp:attachment":[{"href":"https:\/\/mountainbikemovement.com\/it\/wp-json\/wp\/v2\/media?parent=74632"}],"curies":[{"name":"wp","href":"https:\/\/api.w.org\/{rel}","templated":true}]}}